{"id":251484,"date":"2025-11-18T15:34:26","date_gmt":"2025-11-18T14:34:26","guid":{"rendered":"https:\/\/iasre.com\/warunki-wystawca\/"},"modified":"2025-12-03T17:27:38","modified_gmt":"2025-12-03T16:27:38","slug":"warunki-wystawca","status":"publish","type":"page","link":"https:\/\/iasre.com\/pl\/warunki-wystawca\/","title":{"rendered":"Warunki-Wystawca"},"content":{"rendered":"<p>[et_pb_section fb_built=&#8221;1&#8243; _builder_version=&#8221;4.27.4&#8243; _module_preset=&#8221;default&#8221; background_color=&#8221;#032A5D&#8221; custom_margin=&#8221;0px||0px||false|false&#8221; custom_padding=&#8221;0px||0px||false|false&#8221; global_colors_info=&#8221;{}&#8221;][\/et_pb_section][et_pb_section fb_built=&#8221;1&#8243; admin_label=&#8221;section&#8221; _builder_version=&#8221;4.16&#8243; hover_enabled=&#8221;0&#8243; global_colors_info=&#8221;{}&#8221; sticky_enabled=&#8221;0&#8243;][et_pb_row admin_label=&#8221;wiersz&#8221; _builder_version=&#8221;4.16&#8243; background_size=&#8221;initial&#8221; background_position=&#8221;top_left&#8221; background_repeat=&#8221;repeat&#8221; global_colors_info=&#8221;{}&#8221;][et_pb_column type=&#8221;4_4&#8243; _builder_version=&#8221;4.16&#8243; custom_padding=&#8221;|||&#8221; pac_dcm_carousel_specific_module_num=&#8221;0&#8243; global_colors_info=&#8221;{}&#8221; custom_padding__hover=&#8221;|||&#8221;][et_pb_text admin_label=&#8221;Text&#8221; _builder_version=&#8221;4.27.4&#8243; link_text_color=&#8221;#0056B3&#8243; quote_text_color=&#8221;#000000&#8243; header_text_color=&#8221;#000000&#8243; header_2_text_color=&#8221;#000000&#8243; header_3_text_color=&#8221;#000000&#8243; background_size=&#8221;initial&#8221; background_position=&#8221;top_left&#8221; background_repeat=&#8221;repeat&#8221; hover_enabled=&#8221;0&#8243; global_colors_info=&#8221;{}&#8221; sticky_enabled=&#8221;0&#8243; ol_position=&#8221;outside&#8221;]<\/p>\n<h1 data-start=\"415\" data-end=\"460\"><strong data-start=\"417\" data-end=\"460\">Warunki i postanowienia (AGB) dla Wystawc\u00f3w<\/strong><\/h1>\n<p data-start=\"462\" data-end=\"710\">Niniejsze Warunki i postanowienia reguluj\u0105 wszystkie rezerwacje wystawc\u00f3w, wynajem stoisk oraz uczestnictwo w targach IASRE organizowanych przez IASRE GmbH.<br data-start=\"599\" data-end=\"602\">Sk\u0142adaj\u0105c wniosek wystawcy lub rezerwuj\u0105c stoisko, wystawca zgadza si\u0119 na poni\u017csze warunki.<\/p>\n<hr data-start=\"712\" data-end=\"715\">\n<h2 data-start=\"717\" data-end=\"736\"><strong data-start=\"720\" data-end=\"736\">1. Organizator<\/strong><\/h2>\n<p data-start=\"738\" data-end=\"793\">IASRE GmbH<br data-start=\"748\" data-end=\"751\">Martinshardt 15<br data-start=\"766\" data-end=\"769\">57074 Siegen<br data-start=\"781\" data-end=\"784\">Niemcy<\/p>\n<p data-start=\"795\" data-end=\"820\">E-mail: <strong data-start=\"802\" data-end=\"820\"><a data-start=\"804\" data-end=\"818\" class=\"decorated-link cursor-pointer\" rel=\"noopener\">info@iasre.com<span aria-hidden=\"true\" class=\"ms-0.5 inline-block align-middle leading-none\"><svg width=\"20\" height=\"20\" viewbox=\"0 0 20 20\" fill=\"currentColor\" xmlns=\"http:\/\/www.w3.org\/2000\/svg\" data-rtl-flip=\"\" class=\"block h-[0.75em] w-[0.75em] stroke-current stroke-[0.75]\"><path d=\"M14.3349 13.3301V6.60645L5.47065 15.4707C5.21095 15.7304 4.78895 15.7304 4.52925 15.4707C4.26955 15.211 4.26955 14.789 4.52925 14.5293L13.3935 5.66504H6.66011C6.29284 5.66504 5.99507 5.36727 5.99507 5C5.99507 4.63273 6.29284 4.33496 6.66011 4.33496H14.9999L15.1337 4.34863C15.4369 4.41057 15.665 4.67857 15.665 5V13.3301C15.6649 13.6973 15.3672 13.9951 14.9999 13.9951C14.6327 13.9951 14.335 13.6973 14.3349 13.3301Z\"><\/path><\/svg><\/span><\/a><\/strong><\/p>\n<p data-start=\"822\" data-end=\"869\">Zwana dalej <strong data-start=\"853\" data-end=\"869\">\u201eOrganizatorem.\u201d<\/strong><\/p>\n<hr data-start=\"871\" data-end=\"874\">\n<h2 data-start=\"876\" data-end=\"891\"><strong data-start=\"879\" data-end=\"891\">2. Zakres<\/strong><\/h2>\n<p data-start=\"893\" data-end=\"1092\">Niniejsze Warunki i postanowienia maj\u0105 zastosowanie do wszystkich um\u00f3w mi\u0119dzy Organizatorem a wystawcami uczestnicz\u0105cymi w targach IASRE, w tym wynajmu stoisk, rezerwacji us\u0142ug i wszystkich powi\u0105zanych dzia\u0142a\u0144 zwi\u0105zanych z wydarzeniem.<\/p>\n<hr data-start=\"1094\" data-end=\"1097\">\n<h2 data-start=\"1099\" data-end=\"1144\"><strong data-start=\"1102\" data-end=\"1144\">3. Zg\u0142oszenie i zawarcie umowy<\/strong><\/h2>\n<ol data-start=\"1146\" data-end=\"1512\">\n<li data-start=\"1146\" data-end=\"1227\">\n<p data-start=\"1149\" data-end=\"1227\">Wystawcy sk\u0142adaj\u0105 rezerwacj\u0119 za pomoc\u0105 oficjalnego formularza zg\u0142oszeniowego dla wystawc\u00f3w.<\/p>\n<\/li>\n<li data-start=\"1228\" data-end=\"1341\">\n<p data-start=\"1231\" data-end=\"1341\">Organizator rozpatruje zg\u0142oszenie i potwierdza akceptacj\u0119 na pi\u015bmie (potwierdzenie e-mailem jest wystarczaj\u0105ce).<\/p>\n<\/li>\n<li data-start=\"1342\" data-end=\"1444\">\n<p data-start=\"1345\" data-end=\"1444\">Wi\u0105\u017c\u0105ca umowa zostaje zawarta z chwil\u0105 otrzymania przez wystawc\u0119 pisemnego potwierdzenia od Organizatora.<\/p>\n<\/li>\n<li data-start=\"1445\" data-end=\"1512\">\n<p data-start=\"1448\" data-end=\"1512\">Organizator mo\u017ce odm\u00f3wi\u0107 przyj\u0119cia zg\u0142osze\u0144 bez podania przyczyny.<\/p>\n<\/li>\n<\/ol>\n<hr data-start=\"1514\" data-end=\"1517\">\n<h2 data-start=\"1519\" data-end=\"1545\"><strong data-start=\"1522\" data-end=\"1545\">4. Przydzia\u0142 stoisk<\/strong><\/h2>\n<ol data-start=\"1547\" data-end=\"1830\">\n<li data-start=\"1547\" data-end=\"1647\">\n<p data-start=\"1550\" data-end=\"1647\">Lokalizacje stoisk s\u0105 przydzielane przez Organizatora zgodnie z potrzebami logistycznymi i planistycznymi wydarzenia.<\/p>\n<\/li>\n<li data-start=\"1648\" data-end=\"1738\">\n<p data-start=\"1651\" data-end=\"1738\">Wystawcy mog\u0105 wyra\u017ca\u0107 preferencje, ale nie maj\u0105 prawa do konkretnej lokalizacji.<\/p>\n<\/li>\n<li data-start=\"1739\" data-end=\"1830\">\n<p data-start=\"1742\" data-end=\"1830\">Organizator mo\u017ce dostosowa\u0107 rozmieszczenie stoisk, je\u015bli jest to wymagane ze wzgl\u0119d\u00f3w operacyjnych lub bezpiecze\u0144stwa.<\/p>\n<\/li>\n<\/ol>\n<hr data-start=\"1832\" data-end=\"1835\">\n<h2 data-start=\"1837\" data-end=\"1871\"><strong data-start=\"1840\" data-end=\"1871\">5. Ceny i warunki p\u0142atno\u015bci<\/strong><\/h2>\n<ol data-start=\"1873\" data-end=\"2145\">\n<li data-start=\"1873\" data-end=\"1948\">\n<p data-start=\"1876\" data-end=\"1948\">Wszystkie ceny stoisk i op\u0142aty za us\u0142ugi s\u0105 wymienione na stronie internetowej dla wystawc\u00f3w.<\/p>\n<\/li>\n<li data-start=\"1949\" data-end=\"2002\">\n<p data-start=\"1952\" data-end=\"2002\">Ceny podane s\u0105 w EUR i podlegaj\u0105 obowi\u0105zuj\u0105cemu podatkowi VAT.<\/p>\n<\/li>\n<li data-start=\"2003\" data-end=\"2069\">\n<p data-start=\"2006\" data-end=\"2069\">Pe\u0142na p\u0142atno\u015b\u0107 musi zosta\u0107 otrzymana do terminu wskazanego na fakturze.<\/p>\n<\/li>\n<li data-start=\"2070\" data-end=\"2145\">\n<p data-start=\"2073\" data-end=\"2145\">Wystawcom, kt\u00f3rzy nie dokonali pe\u0142nej p\u0142atno\u015bci, mo\u017ce zosta\u0107 odm\u00f3wiony dost\u0119p do wydarzenia.<\/p>\n<\/li>\n<\/ol>\n<hr data-start=\"2147\" data-end=\"2150\">\n<h2 data-start=\"2152\" data-end=\"2188\"><strong data-start=\"2155\" data-end=\"2188\">6. Anulowanie przez Wystawc\u00f3w<\/strong><\/h2>\n<h3 data-start=\"2190\" data-end=\"2295\"><strong data-start=\"2194\" data-end=\"2293\">Po wydaniu przez Organizatora pisemnego potwierdzenia rezerwacji nie jest mo\u017cliwe anulowanie.<\/strong><\/h3>\n<ol data-start=\"2296\" data-end=\"2658\">\n<li data-start=\"2296\" data-end=\"2350\">\n<p data-start=\"2299\" data-end=\"2350\">Wszystkie rezerwacje wystawc\u00f3w s\u0105 <strong data-start=\"2326\" data-end=\"2347\">ostateczne i wi\u0105\u017c\u0105ce<\/strong>.<\/p>\n<\/li>\n<li data-start=\"2351\" data-end=\"2464\">\n<p data-start=\"2354\" data-end=\"2464\"><strong data-start=\"2354\" data-end=\"2400\">Op\u0142aty za uczestnictwo s\u0105 w 100% bezzwrotne<\/strong>, niezale\u017cnie od przyczyny anulowania lub nieobecno\u015bci.<\/p>\n<\/li>\n<li data-start=\"2465\" data-end=\"2543\">\n<p data-start=\"2468\" data-end=\"2543\">Je\u015bli wystawca nie we\u017amie udzia\u0142u w wydarzeniu, pe\u0142na op\u0142ata pozostaje nale\u017cna.<\/p>\n<\/li>\n<li data-start=\"2544\" data-end=\"2658\">\n<p data-start=\"2547\" data-end=\"2658\">Organizator mo\u017ce przydzieli\u0107 stoisko innemu wystawcy; jednak\u017ce wystawca <strong data-start=\"2612\" data-end=\"2657\">nie ma prawa do zwrotu koszt\u00f3w ani odszkodowania<\/strong>.<\/p>\n<\/li>\n<\/ol>\n<p data-start=\"2660\" data-end=\"2719\">Niniejsza klauzula jest w pe\u0142ni egzekwowalna zgodnie z niemieckim prawem um\u00f3w.<\/p>\n<hr data-start=\"2721\" data-end=\"2724\">\n<h2 data-start=\"2726\" data-end=\"2781\"><strong data-start=\"2729\" data-end=\"2781\">7. Anulowanie lub modyfikacja przez Organizatora<\/strong><\/h2>\n<ol data-start=\"2783\" data-end=\"3092\">\n<li data-start=\"2783\" data-end=\"2915\">\n<p data-start=\"2786\" data-end=\"2915\">Organizator mo\u017ce anulowa\u0107, prze\u0142o\u017cy\u0107 lub zmieni\u0107 wydarzenie z powodu si\u0142y wy\u017cszej, zagro\u017ce\u0144 bezpiecze\u0144stwa lub okoliczno\u015bci poza jego kontrol\u0105.<\/p>\n<\/li>\n<li data-start=\"2916\" data-end=\"3014\">\n<p data-start=\"2919\" data-end=\"3014\">W przypadku ca\u0142kowitego anulowania wydarzenia, wystawcy otrzymaj\u0105 zwrot ju\u017c wp\u0142aconych op\u0142at za stoisko.<\/p>\n<\/li>\n<li data-start=\"3015\" data-end=\"3092\">\n<p data-start=\"3018\" data-end=\"3092\">Nie mo\u017cna dochodzi\u0107 \u017cadnych dalszych roszcze\u0144 (np. koszty podr\u00f3\u017cy, wysy\u0142ki, zakwaterowania).<\/p>\n<\/li>\n<\/ol>\n<hr data-start=\"3094\" data-end=\"3097\">\n<h2 data-start=\"3099\" data-end=\"3122\"><strong data-start=\"3102\" data-end=\"3122\">8. Korzystanie ze stoisk<\/strong><\/h2>\n<ol data-start=\"3124\" data-end=\"3373\">\n<li data-start=\"3124\" data-end=\"3209\">\n<p data-start=\"3127\" data-end=\"3209\">Stoiska mog\u0105 by\u0107 wykorzystywane wy\u0142\u0105cznie do prezentacji w\u0142asnych produkt\u00f3w lub us\u0142ug wystawcy.<\/p>\n<\/li>\n<li data-start=\"3210\" data-end=\"3297\">\n<p data-start=\"3213\" data-end=\"3297\">Podnajmowanie lub przenoszenie stoiska wymaga pisemnej zgody Organizatora.<\/p>\n<\/li>\n<li data-start=\"3298\" data-end=\"3373\">\n<p data-start=\"3301\" data-end=\"3373\">Wystawcy musz\u0105 przestrzega\u0107 wszystkich przepis\u00f3w obiektu i wytycznych dotycz\u0105cych bezpiecze\u0144stwa.<\/p>\n<\/li>\n<\/ol>\n<hr data-start=\"3375\" data-end=\"3378\">\n<h2 data-start=\"3380\" data-end=\"3411\"><strong data-start=\"3383\" data-end=\"3411\">9. Monta\u017c i demonta\u017c<\/strong><\/h2>\n<ol data-start=\"3413\" data-end=\"3816\">\n<li data-start=\"3413\" data-end=\"3534\">\n<p data-start=\"3416\" data-end=\"3534\">Czasy monta\u017cu i demonta\u017cu s\u0105 opublikowane na <strong data-start=\"3465\" data-end=\"3492\">stronie internetowej IASRE dla wystawc\u00f3w<\/strong> oraz w <strong data-start=\"3501\" data-end=\"3531\">formularzu zg\u0142oszeniowym dla wystawc\u00f3w<\/strong>.<\/p>\n<\/li>\n<li data-start=\"3535\" data-end=\"3587\">\n<p data-start=\"3538\" data-end=\"3587\">Wystawcy musz\u0105 \u015bci\u015ble przestrzega\u0107 tych termin\u00f3w.<\/p>\n<\/li>\n<li data-start=\"3588\" data-end=\"3662\">\n<p data-start=\"3591\" data-end=\"3662\">Wcze\u015bniejszy demonta\u017c przed oficjalnym zako\u0144czeniem wydarzenia jest zabroniony.<\/p>\n<\/li>\n<li data-start=\"3663\" data-end=\"3743\">\n<p data-start=\"3666\" data-end=\"3743\">Wystawca ponosi odpowiedzialno\u015b\u0107 za wszelkie szkody spowodowane podczas monta\u017cu lub demonta\u017cu.<\/p>\n<\/li>\n<li data-start=\"3744\" data-end=\"3816\">\n<p data-start=\"3747\" data-end=\"3816\">Dodatkowe udogodnienia w zakresie monta\u017cu lub demonta\u017cu wymagaj\u0105 pisemnej zgody.<\/p>\n<\/li>\n<\/ol>\n<hr data-start=\"3818\" data-end=\"3821\">\n<h2 data-start=\"3823\" data-end=\"3843\"><strong data-start=\"3826\" data-end=\"3843\">10. Ubezpieczenie<\/strong><\/h2>\n<p data-start=\"3845\" data-end=\"4001\">Wystawcy s\u0105 odpowiedzialni za ubezpieczenie swojego sprz\u0119tu, produkt\u00f3w i materia\u0142\u00f3w od kradzie\u017cy, utraty lub uszkodzenia.<br data-start=\"3957\" data-end=\"3960\">Organizator nie zapewnia ubezpieczenia.<\/p>\n<hr data-start=\"4003\" data-end=\"4006\">\n<h2 data-start=\"4008\" data-end=\"4028\"><strong data-start=\"4011\" data-end=\"4028\">11. Odpowiedzialno\u015b\u0107<\/strong><\/h2>\n<ol data-start=\"4030\" data-end=\"4347\">\n<li data-start=\"4030\" data-end=\"4095\">\n<p data-start=\"4033\" data-end=\"4095\">Organizator ponosi odpowiedzialno\u015b\u0107 wy\u0142\u0105cznie za umy\u015blne dzia\u0142anie lub ra\u017c\u0105ce zaniedbanie.<\/p>\n<\/li>\n<li data-start=\"4096\" data-end=\"4259\">\n<p data-start=\"4099\" data-end=\"4164\">Odpowiedzialno\u015b\u0107 za lekkie zaniedbanie jest wykluczona, z wyj\u0105tkiem przypadk\u00f3w:<\/p>\n<ul data-start=\"4168\" data-end=\"4259\">\n<li data-start=\"4168\" data-end=\"4208\">\n<p data-start=\"4170\" data-end=\"4208\">Obra\u017ce\u0144 cia\u0142a (\u017cycie, cia\u0142o, zdrowie)<\/p>\n<\/li>\n<li data-start=\"4212\" data-end=\"4259\">\n<p data-start=\"4214\" data-end=\"4259\">Naruszenia istotnych obowi\u0105zk\u00f3w umownych<\/p>\n<\/li>\n<\/ul>\n<\/li>\n<li data-start=\"4260\" data-end=\"4347\">\n<p data-start=\"4263\" data-end=\"4347\">Wystawcy ponosz\u0105 odpowiedzialno\u015b\u0107 za szkody spowodowane przez siebie, sw\u00f3j personel lub wykonawc\u00f3w.<\/p>\n<\/li>\n<\/ol>\n<hr data-start=\"4349\" data-end=\"4352\">\n<h2 data-start=\"4354\" data-end=\"4393\"><strong data-start=\"4357\" data-end=\"4393\">12. Wykorzystanie zdj\u0119\u0107 i nagra\u0144<\/strong><\/h2>\n<p data-start=\"4395\" data-end=\"4550\">Organizator mo\u017ce robi\u0107 zdj\u0119cia i nagrywa\u0107 filmy podczas wydarzenia i mo\u017ce je wykorzystywa\u0107 do cel\u00f3w dokumentacyjnych i marketingowych.<br data-start=\"4502\" data-end=\"4505\">Wystawcy mog\u0105 zg\u0142osi\u0107 sprzeciw z uzasadnionych powod\u00f3w.<\/p>\n<hr data-start=\"4552\" data-end=\"4555\">\n<h2 data-start=\"4557\" data-end=\"4579\"><strong data-start=\"4560\" data-end=\"4579\">13. Zasady obowi\u0105zuj\u0105ce w obiekcie<\/strong><\/h2>\n<p data-start=\"4581\" data-end=\"4678\">Wystawcy musz\u0105 przestrzega\u0107 wszystkich zasad obowi\u0105zuj\u0105cych w obiekcie, przepis\u00f3w przeciwpo\u017carowych oraz instrukcji personelu.<\/p>\n<hr data-start=\"4680\" data-end=\"4683\">\n<h2 data-start=\"4685\" data-end=\"4711\"><strong data-start=\"4688\" data-end=\"4711\">14. Ochrona danych<\/strong><\/h2>\n<p data-start=\"4713\" data-end=\"4832\">Dane osobowe s\u0105 przetwarzane zgodnie z Polityk\u0105 Prywatno\u015bci Organizatora i wykorzystywane wy\u0142\u0105cznie do zarz\u0105dzania uczestnictwem wystawc\u00f3w.<\/p>\n<hr data-start=\"4834\" data-end=\"4837\">\n<h2 data-start=\"4839\" data-end=\"4866\"><strong data-start=\"4842\" data-end=\"4866\">15. Postanowienia ko\u0144cowe<\/strong><\/h2>\n<ol data-start=\"4868\" data-end=\"5089\">\n<li data-start=\"4868\" data-end=\"4892\">\n<p data-start=\"4871\" data-end=\"4892\">Zastosowanie ma prawo niemieckie.<\/p>\n<\/li>\n<li data-start=\"4893\" data-end=\"4970\">\n<p data-start=\"4896\" data-end=\"4970\">Tam, gdzie jest to prawnie dozwolone, miejscem jurysdykcji jest Siegen, Niemcy.<\/p>\n<\/li>\n<li data-start=\"4971\" data-end=\"5042\">\n<p data-start=\"4974\" data-end=\"5042\">Niewa\u017cne klauzule nie wp\u0142ywaj\u0105 na wa\u017cno\u015b\u0107 pozosta\u0142ych warunk\u00f3w.<\/p>\n<\/li>\n<li data-start=\"5043\" data-end=\"5089\">\n<p data-start=\"5046\" data-end=\"5089\">Zmiany i uzupe\u0142nienia wymagaj\u0105 formy pisemnej.<\/p>\n<\/li>\n<\/ol>\n<p>[\/et_pb_text][\/et_pb_column][\/et_pb_row][\/et_pb_section]<\/p>\n","protected":false},"excerpt":{"rendered":"<p>Warunki i postanowienia (AGB) dla Wystawc\u00f3w Niniejsze Warunki i postanowienia reguluj\u0105 wszystkie rezerwacje wystawc\u00f3w, wynajem stoisk oraz uczestnictwo w targach IASRE organizowanych przez IASRE GmbH.Sk\u0142adaj\u0105c wniosek wystawcy lub rezerwuj\u0105c stoisko, wystawca zgadza si\u0119 na poni\u017csze warunki. 1. Organizator IASRE GmbHMartinshardt 1557074 SiegenNiemcy E-mail: info@iasre.com Zwana dalej \u201eOrganizatorem.\u201d 2. Zakres Niniejsze Warunki i postanowienia maj\u0105 zastosowanie [&hellip;]<\/p>\n","protected":false},"author":2,"featured_media":0,"parent":0,"menu_order":0,"comment_status":"closed","ping_status":"closed","template":"","meta":{"_et_pb_use_builder":"on","_et_pb_old_content":"","_et_gb_content_width":"","footnotes":""},"class_list":["post-251484","page","type-page","status-publish","hentry"],"_links":{"self":[{"href":"https:\/\/iasre.com\/pl\/wp-json\/wp\/v2\/pages\/251484","targetHints":{"allow":["GET"]}}],"collection":[{"href":"https:\/\/iasre.com\/pl\/wp-json\/wp\/v2\/pages"}],"about":[{"href":"https:\/\/iasre.com\/pl\/wp-json\/wp\/v2\/types\/page"}],"author":[{"embeddable":true,"href":"https:\/\/iasre.com\/pl\/wp-json\/wp\/v2\/users\/2"}],"replies":[{"embeddable":true,"href":"https:\/\/iasre.com\/pl\/wp-json\/wp\/v2\/comments?post=251484"}],"version-history":[{"count":2,"href":"https:\/\/iasre.com\/pl\/wp-json\/wp\/v2\/pages\/251484\/revisions"}],"predecessor-version":[{"id":251486,"href":"https:\/\/iasre.com\/pl\/wp-json\/wp\/v2\/pages\/251484\/revisions\/251486"}],"wp:attachment":[{"href":"https:\/\/iasre.com\/pl\/wp-json\/wp\/v2\/media?parent=251484"}],"curies":[{"name":"wp","href":"https:\/\/api.w.org\/{rel}","templated":true}]}}